{"id":8,"date":"2025-11-14T23:25:19","date_gmt":"2025-11-14T23:25:19","guid":{"rendered":"https:\/\/visaoweb-evideo.com\/vermais\/?page_id=8"},"modified":"2025-12-08T18:28:35","modified_gmt":"2025-12-08T18:28:35","slug":"ver-mais","status":"publish","type":"page","link":"https:\/\/visaoweb-evideo.com\/vermais\/","title":{"rendered":"Ver Mais"},"content":{"rendered":"\t\t<div data-elementor-type=\"wp-page\" data-elementor-id=\"8\" class=\"elementor elementor-8\">\n\t\t\t\t<div class=\"elementor-element elementor-element-2908384 e-flex e-con-boxed wpr-particle-no wpr-jarallax-no wpr-parallax-no wpr-sticky-section-no wpr-equal-height-no e-con e-parent\" data-id=\"2908384\" data-element_type=\"container\" data-e-type=\"container\" data-settings=\"{&quot;background_background&quot;:&quot;gradient&quot;,&quot;position&quot;:&quot;absolute&quot;}\">\n\t\t\t\t\t<div class=\"e-con-inner\">\n\t\t\t\t<div class=\"elementor-element elementor-element-c2ada74 elementor-absolute elementor-invisible elementor-widget elementor-widget-image\" data-id=\"c2ada74\" data-element_type=\"widget\" data-e-type=\"widget\" data-settings=\"{&quot;_position&quot;:&quot;absolute&quot;,&quot;_animation&quot;:&quot;fadeInUp&quot;}\" data-widget_type=\"image.default\">\n\t\t\t\t\t\t\t\t\t\t\t\t\t\t\t<img fetchpriority=\"high\" decoding=\"async\" width=\"2000\" height=\"2000\" src=\"https:\/\/visaoweb-evideo.com\/vermais\/wp-content\/uploads\/2025\/11\/Logo-transparente.png\" class=\"attachment-full size-full wp-image-361\" alt=\"\" srcset=\"https:\/\/visaoweb-evideo.com\/vermais\/wp-content\/uploads\/2025\/11\/Logo-transparente.png 2000w, https:\/\/visaoweb-evideo.com\/vermais\/wp-content\/uploads\/2025\/11\/Logo-transparente-300x300.png 300w, https:\/\/visaoweb-evideo.com\/vermais\/wp-content\/uploads\/2025\/11\/Logo-transparente-1024x1024.png 1024w, https:\/\/visaoweb-evideo.com\/vermais\/wp-content\/uploads\/2025\/11\/Logo-transparente-150x150.png 150w, https:\/\/visaoweb-evideo.com\/vermais\/wp-content\/uploads\/2025\/11\/Logo-transparente-768x768.png 768w, https:\/\/visaoweb-evideo.com\/vermais\/wp-content\/uploads\/2025\/11\/Logo-transparente-1536x1536.png 1536w\" sizes=\"(max-width: 2000px) 100vw, 2000px\" \/>\t\t\t\t\t\t\t\t\t\t\t\t\t\t\t<\/div>\n\t\t\t\t<div class=\"elementor-element elementor-element-14ddc47 elementor-widget__width-initial elementor-invisible elementor-widget elementor-widget-image\" data-id=\"14ddc47\" data-element_type=\"widget\" data-e-type=\"widget\" data-settings=\"{&quot;_animation&quot;:&quot;fadeInUp&quot;}\" data-widget_type=\"image.default\">\n\t\t\t\t\t\t\t\t\t\t\t\t\t\t\t\t<a href=\"https:\/\/wa.me\/5511961531814?text=Ol%C3%A1%21+Quero+elevar+minha+marca+com+um+conte%C3%BAdo+profissional.+Pode+me+ajudar%3F\" target=\"_blank\">\n\t\t\t\t\t\t\t<img decoding=\"async\" src=\"https:\/\/visaoweb-evideo.com\/vermais\/wp-content\/uploads\/elementor\/thumbs\/slide-1-rerhev7dqfaq1ejgbqedrnanipao7m1g294j0mwqhc.png\" title=\"slide 1\" alt=\"slide 1\" loading=\"lazy\" \/>\t\t\t\t\t\t\t\t<\/a>\n\t\t\t\t\t\t\t\t\t\t\t\t\t\t\t<\/div>\n\t\t\t\t<div class=\"elementor-element elementor-element-9001ddf elementor-widget__width-initial elementor-invisible elementor-widget elementor-widget-image\" data-id=\"9001ddf\" data-element_type=\"widget\" data-e-type=\"widget\" data-settings=\"{&quot;_animation&quot;:&quot;fadeInUp&quot;}\" data-widget_type=\"image.default\">\n\t\t\t\t\t\t\t\t\t\t\t\t\t\t\t\t<a href=\"https:\/\/visaoweb-evideo.com\/\" target=\"_blank\">\n\t\t\t\t\t\t\t<img decoding=\"async\" src=\"https:\/\/visaoweb-evideo.com\/vermais\/wp-content\/uploads\/elementor\/thumbs\/5-reqz6ruvdh5m7vjvg4t1d7k0kj3fh9e9uw7jvnpdlc.png\" title=\"5\" alt=\"5\" loading=\"lazy\" \/>\t\t\t\t\t\t\t\t<\/a>\n\t\t\t\t\t\t\t\t\t\t\t\t\t\t\t<\/div>\n\t\t\t\t<div class=\"elementor-element elementor-element-8a6afae elementor-widget__width-initial elementor-invisible elementor-widget elementor-widget-image\" data-id=\"8a6afae\" data-element_type=\"widget\" data-e-type=\"widget\" data-settings=\"{&quot;_animation&quot;:&quot;fadeInUp&quot;}\" data-widget_type=\"image.default\">\n\t\t\t\t\t\t\t\t\t\t\t\t\t\t\t\t<a href=\"https:\/\/visaoweb-evideo.com\/portfoliodevideos\" target=\"_blank\">\n\t\t\t\t\t\t\t<img decoding=\"async\" src=\"https:\/\/visaoweb-evideo.com\/vermais\/wp-content\/uploads\/elementor\/thumbs\/2-reqz6n5ofaz6ltqp7krwiqqpllqlervm68y4h9wcgg.png\" title=\"2\" alt=\"2\" loading=\"lazy\" \/>\t\t\t\t\t\t\t\t<\/a>\n\t\t\t\t\t\t\t\t\t\t\t\t\t\t\t<\/div>\n\t\t\t\t<div class=\"elementor-element elementor-element-5ef91fa elementor-widget__width-initial elementor-invisible elementor-widget elementor-widget-image\" data-id=\"5ef91fa\" data-element_type=\"widget\" data-e-type=\"widget\" data-settings=\"{&quot;_animation&quot;:&quot;fadeInUp&quot;}\" data-widget_type=\"image.default\">\n\t\t\t\t\t\t\t\t\t\t\t\t\t\t\t\t<a href=\"https:\/\/visaoweb-evideo.com\/portfoliowebdesigner\" target=\"_blank\">\n\t\t\t\t\t\t\t<img decoding=\"async\" src=\"https:\/\/visaoweb-evideo.com\/vermais\/wp-content\/uploads\/elementor\/thumbs\/4-reqz6pz6zt31knmlr3zs8813drcp1v6t6mwkx3s5xs.png\" title=\"4\" alt=\"4\" loading=\"lazy\" \/>\t\t\t\t\t\t\t\t<\/a>\n\t\t\t\t\t\t\t\t\t\t\t\t\t\t\t<\/div>\n\t\t\t\t<div class=\"elementor-element elementor-element-c3d5f14 elementor-widget__width-initial elementor-invisible elementor-widget elementor-widget-image\" data-id=\"c3d5f14\" data-element_type=\"widget\" data-e-type=\"widget\" data-settings=\"{&quot;_animation&quot;:&quot;fadeInUp&quot;}\" data-widget_type=\"image.default\">\n\t\t\t\t\t\t\t\t\t\t\t\t\t\t\t\t<a href=\"https:\/\/visaoweb-evideo.com\/portfolioidvisual\" target=\"_blank\">\n\t\t\t\t\t\t\t<img decoding=\"async\" src=\"https:\/\/visaoweb-evideo.com\/vermais\/wp-content\/uploads\/elementor\/thumbs\/3-reqz6p1csz1r91nywll5nq9msdhbu632ui93fttk40.png\" title=\"3\" alt=\"3\" loading=\"lazy\" \/>\t\t\t\t\t\t\t\t<\/a>\n\t\t\t\t\t\t\t\t\t\t\t\t\t\t\t<\/div>\n\t\t\t\t<div class=\"elementor-element elementor-element-bc66200 elementor-widget__width-initial elementor-invisible elementor-widget elementor-widget-image\" data-id=\"bc66200\" data-element_type=\"widget\" data-e-type=\"widget\" data-settings=\"{&quot;_animation&quot;:&quot;fadeInUp&quot;}\" data-widget_type=\"image.default\">\n\t\t\t\t\t\t\t\t\t\t\t\t\t\t\t\t<a href=\"https:\/\/hostinger.com.br?REFERRALCODE=0YQVITTEVMY4\" target=\"_blank\">\n\t\t\t\t\t\t\t<img decoding=\"async\" src=\"https:\/\/visaoweb-evideo.com\/vermais\/wp-content\/uploads\/elementor\/thumbs\/sem-fundo-2-reqz6jebnyu1bdw5tj5e8rov8294jzgotqc6k61x5c.png\" title=\"sem fundo (2)\" alt=\"sem fundo (2)\" loading=\"lazy\" \/>\t\t\t\t\t\t\t\t<\/a>\n\t\t\t\t\t\t\t\t\t\t\t\t\t\t\t<\/div>\n\t\t<div class=\"elementor-element elementor-element-a556b3a e-con-full e-flex wpr-particle-no wpr-jarallax-no wpr-parallax-no wpr-sticky-section-no wpr-equal-height-no e-con e-child\" data-id=\"a556b3a\" data-element_type=\"container\" data-e-type=\"container\" data-settings=\"{&quot;background_background&quot;:&quot;classic&quot;}\">\n\t\t\t\t<div class=\"elementor-element elementor-element-5d56ee6 elementor-widget elementor-widget-heading\" data-id=\"5d56ee6\" data-element_type=\"widget\" data-e-type=\"widget\" data-widget_type=\"heading.default\">\n\t\t\t\t\t<h2 class=\"elementor-heading-title elementor-size-default\">Onde Voc\u00ea Pode Me Encontrar?<\/h2>\t\t\t\t<\/div>\n\t\t\t\t<div class=\"elementor-element elementor-element-5655410 elementor-widget elementor-widget-text-editor\" data-id=\"5655410\" data-element_type=\"widget\" data-e-type=\"widget\" data-widget_type=\"text-editor.default\">\n\t\t\t\t\t\t\t\t\t<p style=\"text-align: center;\"><strong><span style=\"color: #397561;\">Acompanhe meus conte\u00fados, dicas e portf\u00f3lios nas redes da ag\u00eancia ou entre em contato agora mesmo!<\/span><\/strong><\/p>\t\t\t\t\t\t\t\t<\/div>\n\t\t<div class=\"elementor-element elementor-element-274c708 e-grid e-con-full wpr-particle-no wpr-jarallax-no wpr-parallax-no wpr-sticky-section-no wpr-equal-height-no e-con e-child\" data-id=\"274c708\" data-element_type=\"container\" data-e-type=\"container\">\n\t\t\t\t<div class=\"elementor-element elementor-element-c222e64 elementor-position-top elementor-invisible elementor-widget elementor-widget-image-box\" data-id=\"c222e64\" data-element_type=\"widget\" data-e-type=\"widget\" data-settings=\"{&quot;_animation&quot;:&quot;fadeIn&quot;}\" data-widget_type=\"image-box.default\">\n\t\t\t\t\t<div class=\"elementor-image-box-wrapper\"><figure class=\"elementor-image-box-img\"><a href=\"https:\/\/www.instagram.com\/visaowebvideo\/\" target=\"_blank\" tabindex=\"-1\"><img decoding=\"async\" width=\"132\" height=\"129\" src=\"https:\/\/visaoweb-evideo.com\/vermais\/wp-content\/uploads\/2025\/11\/sem-fundo-Copia.png\" class=\"attachment-full size-full wp-image-786\" alt=\"\" \/><\/a><\/figure><\/div>\t\t\t\t<\/div>\n\t\t\t\t<div class=\"elementor-element elementor-element-f7d50bb elementor-position-top elementor-invisible elementor-widget elementor-widget-image-box\" data-id=\"f7d50bb\" data-element_type=\"widget\" data-e-type=\"widget\" data-settings=\"{&quot;_animation&quot;:&quot;fadeIn&quot;}\" data-widget_type=\"image-box.default\">\n\t\t\t\t\t<div class=\"elementor-image-box-wrapper\"><figure class=\"elementor-image-box-img\"><a href=\"https:\/\/www.youtube.com\/@Vis%C3%A3oWebV%C3%ADdeo\" target=\"_blank\" tabindex=\"-1\"><img decoding=\"async\" width=\"141\" height=\"100\" src=\"https:\/\/visaoweb-evideo.com\/vermais\/wp-content\/uploads\/2025\/11\/sem-fundo-Copia-Copia.png\" class=\"attachment-full size-full wp-image-785\" alt=\"\" \/><\/a><\/figure><\/div>\t\t\t\t<\/div>\n\t\t\t\t<div class=\"elementor-element elementor-element-b1e0168 elementor-position-top elementor-invisible elementor-widget elementor-widget-image-box\" data-id=\"b1e0168\" data-element_type=\"widget\" data-e-type=\"widget\" data-settings=\"{&quot;_animation&quot;:&quot;fadeIn&quot;}\" data-widget_type=\"image-box.default\">\n\t\t\t\t\t<div class=\"elementor-image-box-wrapper\"><figure class=\"elementor-image-box-img\"><a href=\"https:\/\/tiktok.com\/@visao.web.e.video\" target=\"_blank\" tabindex=\"-1\"><img loading=\"lazy\" decoding=\"async\" width=\"128\" height=\"128\" src=\"https:\/\/visaoweb-evideo.com\/vermais\/wp-content\/uploads\/2025\/11\/sem-fundo-Copia-Copia-2.png\" class=\"attachment-full size-full wp-image-781\" alt=\"\" \/><\/a><\/figure><\/div>\t\t\t\t<\/div>\n\t\t\t\t<div class=\"elementor-element elementor-element-329b1ef elementor-position-top elementor-invisible elementor-widget elementor-widget-image-box\" data-id=\"329b1ef\" data-element_type=\"widget\" data-e-type=\"widget\" data-settings=\"{&quot;_animation&quot;:&quot;fadeIn&quot;}\" data-widget_type=\"image-box.default\">\n\t\t\t\t\t<div class=\"elementor-image-box-wrapper\"><figure class=\"elementor-image-box-img\"><a href=\"https:\/\/wa.me\/5511961531814?text=Ol%C3%A1%21+Quero+elevar+minha+marca+com+um+conte%C3%BAdo+profissional.+Pode+me+ajudar%3F\" target=\"_blank\" tabindex=\"-1\"><img loading=\"lazy\" decoding=\"async\" width=\"118\" height=\"117\" src=\"https:\/\/visaoweb-evideo.com\/vermais\/wp-content\/uploads\/2025\/11\/sem-fundo-Copia-Copia-3.png\" class=\"attachment-full size-full wp-image-782\" alt=\"\" \/><\/a><\/figure><\/div>\t\t\t\t<\/div>\n\t\t\t\t<div class=\"elementor-element elementor-element-7c0fdd5 elementor-position-top elementor-invisible elementor-widget elementor-widget-image-box\" data-id=\"7c0fdd5\" data-element_type=\"widget\" data-e-type=\"widget\" data-settings=\"{&quot;_animation&quot;:&quot;fadeIn&quot;}\" data-widget_type=\"image-box.default\">\n\t\t\t\t\t<div class=\"elementor-image-box-wrapper\"><figure class=\"elementor-image-box-img\"><a href=\"https:\/\/www.facebook.com\/visaowebevideo\" target=\"_blank\" tabindex=\"-1\"><img loading=\"lazy\" decoding=\"async\" width=\"70\" height=\"134\" src=\"https:\/\/visaoweb-evideo.com\/vermais\/wp-content\/uploads\/2025\/11\/sem-fundo-Copia-Copia-4.png\" class=\"attachment-full size-full wp-image-783\" alt=\"\" \/><\/a><\/figure><\/div>\t\t\t\t<\/div>\n\t\t\t\t<div class=\"elementor-element elementor-element-5ef0823 elementor-position-top elementor-invisible elementor-widget elementor-widget-image-box\" data-id=\"5ef0823\" data-element_type=\"widget\" data-e-type=\"widget\" data-settings=\"{&quot;_animation&quot;:&quot;fadeIn&quot;}\" data-widget_type=\"image-box.default\">\n\t\t\t\t\t<div class=\"elementor-image-box-wrapper\"><figure class=\"elementor-image-box-img\"><a href=\"mailto:contato@visaoweb-evideo.com\" target=\"_blank\" tabindex=\"-1\"><img loading=\"lazy\" decoding=\"async\" width=\"140\" height=\"134\" src=\"https:\/\/visaoweb-evideo.com\/vermais\/wp-content\/uploads\/2025\/11\/sem-fundo-Copia-Copia-5.png\" class=\"attachment-full size-full wp-image-784\" alt=\"\" \/><\/a><\/figure><\/div>\t\t\t\t<\/div>\n\t\t\t\t<\/div>\n\t\t\t\t<\/div>\n\t\t<div class=\"elementor-element elementor-element-16194cb e-con-full e-flex wpr-particle-no wpr-jarallax-no wpr-parallax-no wpr-sticky-section-no wpr-equal-height-no e-con e-child\" data-id=\"16194cb\" data-element_type=\"container\" data-e-type=\"container\">\n\t\t\t\t<\/div>\n\t\t\t\t\t<\/div>\n\t\t\t\t<\/div>\n\t\t\t\t<\/div>\n\t\t","protected":false},"excerpt":{"rendered":"<p>Onde Voc\u00ea Pode Me Encontrar? Acompanhe meus conte\u00fados, dicas e portf\u00f3lios nas redes da ag\u00eancia ou entre em contato agora mesmo!<\/p>\n","protected":false},"author":2,"featured_media":0,"parent":0,"menu_order":0,"comment_status":"closed","ping_status":"closed","template":"elementor_canvas","meta":{"footnotes":""},"class_list":["post-8","page","type-page","status-publish","hentry"],"_hostinger_reach_plugin_has_subscription_block":false,"_hostinger_reach_plugin_is_elementor":false,"_links":{"self":[{"href":"https:\/\/visaoweb-evideo.com\/vermais\/wp-json\/wp\/v2\/pages\/8","targetHints":{"allow":["GET"]}}],"collection":[{"href":"https:\/\/visaoweb-evideo.com\/vermais\/wp-json\/wp\/v2\/pages"}],"about":[{"href":"https:\/\/visaoweb-evideo.com\/vermais\/wp-json\/wp\/v2\/types\/page"}],"author":[{"embeddable":true,"href":"https:\/\/visaoweb-evideo.com\/vermais\/wp-json\/wp\/v2\/users\/2"}],"replies":[{"embeddable":true,"href":"https:\/\/visaoweb-evideo.com\/vermais\/wp-json\/wp\/v2\/comments?post=8"}],"version-history":[{"count":931,"href":"https:\/\/visaoweb-evideo.com\/vermais\/wp-json\/wp\/v2\/pages\/8\/revisions"}],"predecessor-version":[{"id":1013,"href":"https:\/\/visaoweb-evideo.com\/vermais\/wp-json\/wp\/v2\/pages\/8\/revisions\/1013"}],"wp:attachment":[{"href":"https:\/\/visaoweb-evideo.com\/vermais\/wp-json\/wp\/v2\/media?parent=8"}],"curies":[{"name":"wp","href":"https:\/\/api.w.org\/{rel}","templated":true}]}}